{"id":99,"date":"2019-12-02T17:10:31","date_gmt":"2019-12-02T17:10:31","guid":{"rendered":"https:\/\/sedeenchina.com\/pt\/?page_id=99"},"modified":"2019-12-19T16:34:12","modified_gmt":"2019-12-19T16:34:12","slug":"home","status":"publish","type":"page","link":"https:\/\/sedeenchina.com\/pt\/","title":{"rendered":"Home"},"content":{"rendered":"\t\t<div data-elementor-type=\"wp-page\" data-elementor-id=\"99\" class=\"elementor elementor-99\" data-elementor-post-type=\"page\">\n\t\t\t\t\t\t<section class=\"elementor-section elementor-top-section elementor-element elementor-element-39533bb6 elementor-section-height-full elementor-section-content-middle elementor-section-boxed elementor-section-height-default elementor-section-items-middle\" data-id=\"39533bb6\" data-element_type=\"section\" data-settings=\"{&quot;background_background&quot;:&quot;classic&quot;}\">\n\t\t\t\t\t\t\t<div class=\"elementor-background-overlay\"><\/div>\n\t\t\t\t\t\t\t<div class=\"elementor-container elementor-column-gap-default\">\n\t\t\t\t\t<div class=\"elementor-column elementor-col-100 elementor-top-column elementor-element elementor-element-32221d72\" data-id=\"32221d72\" data-element_type=\"column\">\n\t\t\t<div class=\"elementor-widget-wrap elementor-element-populated\">\n\t\t\t\t\t\t<div class=\"elementor-element elementor-element-28ed4663 elementor-widget elementor-widget-heading\" data-id=\"28ed4663\" data-element_type=\"widget\" data-widget_type=\"heading.default\">\n\t\t\t\t<div class=\"elementor-widget-container\">\n\t\t\t\t\t<h1 class=\"elementor-heading-title elementor-size-default\">\nServi\u00e7os para empresas que desejam desenvolver projetos na \u00c1sia<\/h1>\t\t\t\t<\/div>\n\t\t\t\t<\/div>\n\t\t\t\t\t<\/div>\n\t\t<\/div>\n\t\t\t\t\t<\/div>\n\t\t<\/section>\n\t\t\t\t<section class=\"elementor-section elementor-top-section elementor-element elementor-element-8be2ea5 elementor-section-content-middle elementor-section-boxed elementor-section-height-default elementor-section-height-default\" data-id=\"8be2ea5\" data-element_type=\"section\">\n\t\t\t\t\t\t<div class=\"elementor-container elementor-column-gap-no\">\n\t\t\t\t\t<div class=\"elementor-column elementor-col-100 elementor-top-column elementor-element elementor-element-5424903d\" data-id=\"5424903d\" data-element_type=\"column\">\n\t\t\t<div class=\"elementor-widget-wrap elementor-element-populated\">\n\t\t\t\t\t\t<div class=\"elementor-element elementor-element-37ea149f elementor-widget elementor-widget-heading\" data-id=\"37ea149f\" data-element_type=\"widget\" data-widget_type=\"heading.default\">\n\t\t\t\t<div class=\"elementor-widget-container\">\n\t\t\t\t\t<h4 class=\"elementor-heading-title elementor-size-default\">Trabalhamos com<\/h4>\t\t\t\t<\/div>\n\t\t\t\t<\/div>\n\t\t\t\t<section class=\"elementor-section elementor-inner-section elementor-element elementor-element-145a7135 elementor-section-content-middle elementor-section-boxed elementor-section-height-default elementor-section-height-default\" data-id=\"145a7135\" data-element_type=\"section\">\n\t\t\t\t\t\t<div class=\"elementor-container elementor-column-gap-no\">\n\t\t\t\t\t<div class=\"elementor-column elementor-col-33 elementor-inner-column elementor-element elementor-element-501d10d5\" data-id=\"501d10d5\" data-element_type=\"column\">\n\t\t\t<div class=\"elementor-widget-wrap elementor-element-populated\">\n\t\t\t\t\t\t<div class=\"elementor-element elementor-element-6cabbb2 elementor-position-top elementor-widget elementor-widget-image-box\" data-id=\"6cabbb2\" data-element_type=\"widget\" data-widget_type=\"image-box.default\">\n\t\t\t\t<div class=\"elementor-widget-container\">\n\t\t\t\t\t<div class=\"elementor-image-box-wrapper\"><figure class=\"elementor-image-box-img\"><img fetchpriority=\"high\" decoding=\"async\" width=\"2560\" height=\"1707\" src=\"https:\/\/sedeenchina.com\/pt\/wp-content\/uploads\/2019\/12\/austin-distel-va_Opp86kfQ-unsplash_1-scaled.jpg\" class=\"attachment-full size-full wp-image-102\" alt=\"\" srcset=\"https:\/\/sedeenchina.com\/pt\/wp-content\/uploads\/2019\/12\/austin-distel-va_Opp86kfQ-unsplash_1-scaled.jpg 2560w, https:\/\/sedeenchina.com\/pt\/wp-content\/uploads\/2019\/12\/austin-distel-va_Opp86kfQ-unsplash_1-300x200.jpg 300w, https:\/\/sedeenchina.com\/pt\/wp-content\/uploads\/2019\/12\/austin-distel-va_Opp86kfQ-unsplash_1-1024x683.jpg 1024w, https:\/\/sedeenchina.com\/pt\/wp-content\/uploads\/2019\/12\/austin-distel-va_Opp86kfQ-unsplash_1-768x512.jpg 768w, https:\/\/sedeenchina.com\/pt\/wp-content\/uploads\/2019\/12\/austin-distel-va_Opp86kfQ-unsplash_1-1536x1024.jpg 1536w, https:\/\/sedeenchina.com\/pt\/wp-content\/uploads\/2019\/12\/austin-distel-va_Opp86kfQ-unsplash_1-2048x1365.jpg 2048w\" sizes=\"(max-width: 2560px) 100vw, 2560px\" \/><\/figure><div class=\"elementor-image-box-content\"><h3 class=\"elementor-image-box-title\">Freelancers <\/h3><p class=\"elementor-image-box-description\">Apoio para freelancers que desejem come\u00e7ar a fazer neg\u00f3cios na China.\nImporta\u00e7\u00e3o e exporta\u00e7\u00e3o, Dropshipping, Amazon FBA, etc. Entre em contato connosco e tire as suas duvidas\n<br><br><\/p><\/div><\/div>\t\t\t\t<\/div>\n\t\t\t\t<\/div>\n\t\t\t\t\t<\/div>\n\t\t<\/div>\n\t\t\t\t<div class=\"elementor-column elementor-col-33 elementor-inner-column elementor-element elementor-element-af93ae6\" data-id=\"af93ae6\" data-element_type=\"column\">\n\t\t\t<div class=\"elementor-widget-wrap elementor-element-populated\">\n\t\t\t\t\t\t<div class=\"elementor-element elementor-element-7dad6ebd elementor-position-top elementor-widget elementor-widget-image-box\" data-id=\"7dad6ebd\" data-element_type=\"widget\" data-widget_type=\"image-box.default\">\n\t\t\t\t<div class=\"elementor-widget-container\">\n\t\t\t\t\t<div class=\"elementor-image-box-wrapper\"><figure class=\"elementor-image-box-img\"><img decoding=\"async\" width=\"2560\" height=\"1707\" src=\"https:\/\/sedeenchina.com\/pt\/wp-content\/uploads\/2019\/12\/austin-distel-mpN7xjKQ_Ns-unsplash_1-1-1-scaled.jpg\" class=\"attachment-full size-full wp-image-103\" alt=\"\" srcset=\"https:\/\/sedeenchina.com\/pt\/wp-content\/uploads\/2019\/12\/austin-distel-mpN7xjKQ_Ns-unsplash_1-1-1-scaled.jpg 2560w, https:\/\/sedeenchina.com\/pt\/wp-content\/uploads\/2019\/12\/austin-distel-mpN7xjKQ_Ns-unsplash_1-1-1-scaled-300x200.jpg 300w, https:\/\/sedeenchina.com\/pt\/wp-content\/uploads\/2019\/12\/austin-distel-mpN7xjKQ_Ns-unsplash_1-1-1-scaled-1024x683.jpg 1024w, https:\/\/sedeenchina.com\/pt\/wp-content\/uploads\/2019\/12\/austin-distel-mpN7xjKQ_Ns-unsplash_1-1-1-scaled-768x512.jpg 768w, https:\/\/sedeenchina.com\/pt\/wp-content\/uploads\/2019\/12\/austin-distel-mpN7xjKQ_Ns-unsplash_1-1-1-scaled-1536x1024.jpg 1536w, https:\/\/sedeenchina.com\/pt\/wp-content\/uploads\/2019\/12\/austin-distel-mpN7xjKQ_Ns-unsplash_1-1-1-scaled-2048x1366.jpg 2048w\" sizes=\"(max-width: 2560px) 100vw, 2560px\" \/><\/figure><div class=\"elementor-image-box-content\"><h3 class=\"elementor-image-box-title\">Pequena empresa<\/h3><p class=\"elementor-image-box-description\">N\u00f3s somos o seu parceiro ideal para come\u00e7ar a desenvolver projetos na China. Desde a mudan\u00e7a de sua produ\u00e7\u00e3o para a China, para gerenciar remessas de seus produtos. Expandir seus neg\u00f3cios nunca foi t\u00e3o f\u00e1cil<\/p><\/div><\/div>\t\t\t\t<\/div>\n\t\t\t\t<\/div>\n\t\t\t\t\t<\/div>\n\t\t<\/div>\n\t\t\t\t<div class=\"elementor-column elementor-col-33 elementor-inner-column elementor-element elementor-element-48ac425\" data-id=\"48ac425\" data-element_type=\"column\">\n\t\t\t<div class=\"elementor-widget-wrap elementor-element-populated\">\n\t\t\t\t\t\t<div class=\"elementor-element elementor-element-7db8a6a2 elementor-position-top elementor-widget elementor-widget-image-box\" data-id=\"7db8a6a2\" data-element_type=\"widget\" data-widget_type=\"image-box.default\">\n\t\t\t\t<div class=\"elementor-widget-container\">\n\t\t\t\t\t<div class=\"elementor-image-box-wrapper\"><figure class=\"elementor-image-box-img\"><img decoding=\"async\" width=\"2299\" height=\"1527\" src=\"https:\/\/sedeenchina.com\/pt\/wp-content\/uploads\/2019\/12\/floriane-vita-FyD3OWBuXnY-unsplash_1.jpg\" class=\"attachment-full size-full wp-image-104\" alt=\"\" srcset=\"https:\/\/sedeenchina.com\/pt\/wp-content\/uploads\/2019\/12\/floriane-vita-FyD3OWBuXnY-unsplash_1.jpg 2299w, https:\/\/sedeenchina.com\/pt\/wp-content\/uploads\/2019\/12\/floriane-vita-FyD3OWBuXnY-unsplash_1-300x199.jpg 300w, https:\/\/sedeenchina.com\/pt\/wp-content\/uploads\/2019\/12\/floriane-vita-FyD3OWBuXnY-unsplash_1-1024x680.jpg 1024w, https:\/\/sedeenchina.com\/pt\/wp-content\/uploads\/2019\/12\/floriane-vita-FyD3OWBuXnY-unsplash_1-768x510.jpg 768w, https:\/\/sedeenchina.com\/pt\/wp-content\/uploads\/2019\/12\/floriane-vita-FyD3OWBuXnY-unsplash_1-1536x1020.jpg 1536w, https:\/\/sedeenchina.com\/pt\/wp-content\/uploads\/2019\/12\/floriane-vita-FyD3OWBuXnY-unsplash_1-2048x1360.jpg 2048w\" sizes=\"(max-width: 2299px) 100vw, 2299px\" \/><\/figure><div class=\"elementor-image-box-content\"><h3 class=\"elementor-image-box-title\">Grande empresa<\/h3><p class=\"elementor-image-box-description\">Processos de implementa\u00e7\u00e3o na China, realoca\u00e7\u00e3o da produ\u00e7\u00e3o, cria\u00e7\u00e3o de prot\u00f3tipo, etc. Temos uma elevada experiencia em campanhas desse tipo a n\u00edvel global<br><br><br><\/p><\/div><\/div>\t\t\t\t<\/div>\n\t\t\t\t<\/div>\n\t\t\t\t\t<\/div>\n\t\t<\/div>\n\t\t\t\t\t<\/div>\n\t\t<\/section>\n\t\t\t\t\t<\/div>\n\t\t<\/div>\n\t\t\t\t\t<\/div>\n\t\t<\/section>\n\t\t\t\t<section class=\"elementor-section elementor-top-section elementor-element elementor-element-5cdbd3c0 elementor-section-boxed elementor-section-height-default elementor-section-height-default\" data-id=\"5cdbd3c0\" data-element_type=\"section\">\n\t\t\t\t\t\t<div class=\"elementor-container elementor-column-gap-default\">\n\t\t\t\t\t<div class=\"elementor-column elementor-col-100 elementor-top-column elementor-element elementor-element-31f4ed1a\" data-id=\"31f4ed1a\" data-element_type=\"column\">\n\t\t\t<div class=\"elementor-widget-wrap elementor-element-populated\">\n\t\t\t\t\t\t<div class=\"elementor-element elementor-element-34b46446 elementor-widget elementor-widget-spacer\" data-id=\"34b46446\" data-element_type=\"widget\" data-widget_type=\"spacer.default\">\n\t\t\t\t<div class=\"elementor-widget-container\">\n\t\t\t\t\t\t\t<div class=\"elementor-spacer\">\n\t\t\t<div class=\"elementor-spacer-inner\"><\/div>\n\t\t<\/div>\n\t\t\t\t\t\t<\/div>\n\t\t\t\t<\/div>\n\t\t\t\t\t<\/div>\n\t\t<\/div>\n\t\t\t\t\t<\/div>\n\t\t<\/section>\n\t\t\t\t<\/div>\n\t\t","protected":false},"excerpt":{"rendered":"<p>Servi\u00e7os para empresas que desejam desenvolver projetos na \u00c1sia Trabalhamos com Freelancers Apoio para freelancers que desejem come\u00e7ar a fazer neg\u00f3cios na China. Importa\u00e7\u00e3o e exporta\u00e7\u00e3o, Dropshipping, Amazon FBA, etc. Entre em contato connosco e tire as suas duvidas Pequena empresa N\u00f3s somos o seu parceiro ideal para come\u00e7ar a desenvolver projetos na China. Desde [&hellip;]<\/p>\n","protected":false},"author":1,"featured_media":0,"parent":0,"menu_order":0,"comment_status":"closed","ping_status":"closed","template":"","meta":{"site-sidebar-layout":"no-sidebar","site-content-layout":"page-builder","ast-site-content-layout":"default","site-content-style":"default","site-sidebar-style":"default","ast-global-header-display":"","ast-banner-title-visibility":"","ast-main-header-display":"","ast-hfb-above-header-display":"","ast-hfb-below-header-display":"","ast-hfb-mobile-header-display":"","site-post-title":"disabled","ast-breadcrumbs-content":"","ast-featured-img":"disabled","footer-sml-layout":"","ast-disable-related-posts":"","theme-transparent-header-meta":"default","adv-header-id-meta":"","stick-header-meta":"","header-above-stick-meta":"","header-main-stick-meta":"","header-below-stick-meta":"","astra-migrate-meta-layouts":"default","ast-page-background-enabled":"default","ast-page-background-meta":{"desktop":{"background-color":"","background-image":"","background-repeat":"repeat","background-position":"center center","background-size":"auto","background-attachment":"scroll","background-type":"","background-media":"","overlay-type":"","overlay-color":"","overlay-opacity":"","overlay-gradient":""},"tablet":{"background-color":"","background-image":"","background-repeat":"repeat","background-position":"center center","background-size":"auto","background-attachment":"scroll","background-type":"","background-media":"","overlay-type":"","overlay-color":"","overlay-opacity":"","overlay-gradient":""},"mobile":{"background-color":"","background-image":"","background-repeat":"repeat","background-position":"center center","background-size":"auto","background-attachment":"scroll","background-type":"","background-media":"","overlay-type":"","overlay-color":"","overlay-opacity":"","overlay-gradient":""}},"ast-content-background-meta":{"desktop":{"background-color":"var(--ast-global-color-5)","background-image":"","background-repeat":"repeat","background-position":"center center","background-size":"auto","background-attachment":"scroll","background-type":"","background-media":"","overlay-type":"","overlay-color":"","overlay-opacity":"","overlay-gradient":""},"tablet":{"background-color":"var(--ast-global-color-5)","background-image":"","background-repeat":"repeat","background-position":"center center","background-size":"auto","background-attachment":"scroll","background-type":"","background-media":"","overlay-type":"","overlay-color":"","overlay-opacity":"","overlay-gradient":""},"mobile":{"background-color":"var(--ast-global-color-5)","background-image":"","background-repeat":"repeat","background-position":"center center","background-size":"auto","background-attachment":"scroll","background-type":"","background-media":"","overlay-type":"","overlay-color":"","overlay-opacity":"","overlay-gradient":""}},"footnotes":""},"class_list":["post-99","page","type-page","status-publish","hentry"],"_links":{"self":[{"href":"https:\/\/sedeenchina.com\/pt\/wp-json\/wp\/v2\/pages\/99","targetHints":{"allow":["GET"]}}],"collection":[{"href":"https:\/\/sedeenchina.com\/pt\/wp-json\/wp\/v2\/pages"}],"about":[{"href":"https:\/\/sedeenchina.com\/pt\/wp-json\/wp\/v2\/types\/page"}],"author":[{"embeddable":true,"href":"https:\/\/sedeenchina.com\/pt\/wp-json\/wp\/v2\/users\/1"}],"replies":[{"embeddable":true,"href":"https:\/\/sedeenchina.com\/pt\/wp-json\/wp\/v2\/comments?post=99"}],"version-history":[{"count":6,"href":"https:\/\/sedeenchina.com\/pt\/wp-json\/wp\/v2\/pages\/99\/revisions"}],"predecessor-version":[{"id":169,"href":"https:\/\/sedeenchina.com\/pt\/wp-json\/wp\/v2\/pages\/99\/revisions\/169"}],"wp:attachment":[{"href":"https:\/\/sedeenchina.com\/pt\/wp-json\/wp\/v2\/media?parent=99"}],"curies":[{"name":"wp","href":"https:\/\/api.w.org\/{rel}","templated":true}]}}